{"id":15,"date":"2023-03-30T12:00:56","date_gmt":"2023-03-30T12:00:56","guid":{"rendered":"https:\/\/www.urbanteruel.es\/fondos-next-generation-eu\/?page_id=15"},"modified":"2026-04-14T08:59:11","modified_gmt":"2026-04-14T08:59:11","slug":"proyectos","status":"publish","type":"page","link":"https:\/\/www.urbanteruel.es\/fondos-next-generation-eu\/proyectos\/","title":{"rendered":"Proyectos"},"content":{"rendered":"\t\t<div data-elementor-type=\"wp-page\" data-elementor-id=\"15\" class=\"elementor elementor-15\">\n\t\t\t\t<div class=\"elementor-element elementor-element-2585054 e-flex e-con-boxed e-con e-parent\" data-id=\"2585054\" data-element_type=\"container\" data-e-type=\"container\" data-settings=\"{&quot;background_background&quot;:&quot;classic&quot;}\">\n\t\t\t\t\t<div class=\"e-con-inner\">\n\t\t\t\t<div class=\"elementor-element elementor-element-6d8e7c6 elementor-widget elementor-widget-heading\" data-id=\"6d8e7c6\" data-element_type=\"widget\" data-e-type=\"widget\" data-widget_type=\"heading.default\">\n\t\t\t\t<div class=\"elementor-widget-container\">\n\t\t\t\t\t<h2 class=\"elementor-heading-title elementor-size-default\">PLAN DE RECUPERACI\u00d3N, TRANSFORMACI\u00d3N Y RESILIENCIA<\/h2>\t\t\t\t<\/div>\n\t\t\t\t<\/div>\n\t\t\t\t<div class=\"elementor-element elementor-element-3b1200e elementor-widget elementor-widget-heading\" data-id=\"3b1200e\" data-element_type=\"widget\" data-e-type=\"widget\" data-widget_type=\"heading.default\">\n\t\t\t\t<div class=\"elementor-widget-container\">\n\t\t\t\t\t<h2 class=\"elementor-heading-title elementor-size-default\">FINANCIADO POR LA UNI\u00d3N EUROPEA <\/br>  FONDOS NEXT GENERATION EU\n<\/h2>\t\t\t\t<\/div>\n\t\t\t\t<\/div>\n\t\t\t\t\t<\/div>\n\t\t\t\t<\/div>\n\t\t<div class=\"elementor-element elementor-element-596fced e-flex e-con-boxed e-con e-parent\" data-id=\"596fced\" data-element_type=\"container\" data-e-type=\"container\">\n\t\t\t\t\t<div class=\"e-con-inner\">\n\t\t<div class=\"elementor-element elementor-element-3c006ca e-con-full e-flex e-con e-child\" data-id=\"3c006ca\" data-element_type=\"container\" data-e-type=\"container\">\n\t\t\t\t<div class=\"elementor-element elementor-element-96ce87a elementor-widget elementor-widget-heading\" data-id=\"96ce87a\" data-element_type=\"widget\" data-e-type=\"widget\" data-widget_type=\"heading.default\">\n\t\t\t\t<div class=\"elementor-widget-container\">\n\t\t\t\t\t<h1 class=\"elementor-heading-title elementor-size-default\">Proyectos<\/h1>\t\t\t\t<\/div>\n\t\t\t\t<\/div>\n\t\t\t\t<div class=\"elementor-element elementor-element-1dcaaa2 elementor-widget elementor-widget-heading\" data-id=\"1dcaaa2\" data-element_type=\"widget\" data-e-type=\"widget\" data-widget_type=\"heading.default\">\n\t\t\t\t<div class=\"elementor-widget-container\">\n\t\t\t\t\t<h3 class=\"elementor-heading-title elementor-size-default\">subvenciones PRTR- Fondos Next Generation EU<\/h3>\t\t\t\t<\/div>\n\t\t\t\t<\/div>\n\t\t\t\t<\/div>\n\t\t<div class=\"elementor-element elementor-element-6cafb36 e-con-full e-flex e-con e-child\" data-id=\"6cafb36\" data-element_type=\"container\" data-e-type=\"container\">\n\t\t\t\t<div class=\"elementor-element elementor-element-0308c33 elementor-widget elementor-widget-text-editor\" data-id=\"0308c33\" data-element_type=\"widget\" data-e-type=\"widget\" data-widget_type=\"text-editor.default\">\n\t\t\t\t<div class=\"elementor-widget-container\">\n\t\t\t\t\t\t\t\t\t<p><i>Informaci\u00f3n sistematizada sobre todos los proyectos municipales para los cuales el Ayuntamiento de Teruel ha solicitado subvenci\u00f3n a los Fondos Next Generation EU. Con el objetivo de cumplir las obligaciones de transparencia, publicidad y comunicaci\u00f3n que impone la Uni\u00f3n Europea, en este apartado se informa a los ciudadanos de Teruel de las cuant\u00edas solicitadas, de las ayudas concedidas, de las solicitudes desestimadas y del estado de tramitaci\u00f3n de cada proyecto.<\/i> <\/p>\t\t\t\t\t\t\t\t<\/div>\n\t\t\t\t<\/div>\n\t\t\t\t<\/div>\n\t\t\t\t\t<\/div>\n\t\t\t\t<\/div>\n\t\t<div class=\"elementor-element elementor-element-e07d9ed e-flex e-con-boxed e-con e-parent\" data-id=\"e07d9ed\" data-element_type=\"container\" data-e-type=\"container\">\n\t\t\t\t\t<div class=\"e-con-inner\">\n\t\t<div class=\"elementor-element elementor-element-757703c e-con-full e-flex e-con e-child\" data-id=\"757703c\" data-element_type=\"container\" data-e-type=\"container\">\n\t\t\t\t<div class=\"elementor-element elementor-element-9c988d9 elementor-widget elementor-widget-heading\" data-id=\"9c988d9\" data-element_type=\"widget\" data-e-type=\"widget\" data-widget_type=\"heading.default\">\n\t\t\t\t<div class=\"elementor-widget-container\">\n\t\t\t\t\t<h3 class=\"elementor-heading-title elementor-size-default\">encargo de ejecuci\u00f3n del Ayuntamiento a la Sociedad Municipal Urban Teruel, S.A<\/h3>\t\t\t\t<\/div>\n\t\t\t\t<\/div>\n\t\t\t\t<\/div>\n\t\t<div class=\"elementor-element elementor-element-17ee399 e-con-full e-flex e-con e-child\" data-id=\"17ee399\" data-element_type=\"container\" data-e-type=\"container\">\n\t\t\t\t<div class=\"elementor-element elementor-element-ec75082 elementor-widget elementor-widget-text-editor\" data-id=\"ec75082\" data-element_type=\"widget\" data-e-type=\"widget\" data-widget_type=\"text-editor.default\">\n\t\t\t\t<div class=\"elementor-widget-container\">\n\t\t\t\t\t\t\t\t\t<ol><li><a href=\"https:\/\/www.urbanteruel.es\/fondos-next-generation-eu\/wp-content\/uploads\/2025\/05\/1-ENCARGO-EJECUCION-24032022.pdf\" target=\"_blank\" rel=\"noopener\">ENCARGO EJECUCI\u00d3N 24032022<\/a><\/li><li><a href=\"https:\/\/www.urbanteruel.es\/fondos-next-generation-eu\/wp-content\/uploads\/2025\/05\/2-ENCARGO-EJECUCION-2-19122022.pdf\" target=\"_blank\" rel=\"noopener\">ENCARGO EJECUCI\u00d3N 2 19122022<\/a><\/li><li><a href=\"https:\/\/www.urbanteruel.es\/fondos-next-generation-eu\/wp-content\/uploads\/2025\/05\/3-AMPLIACION-aprobacion-proyectos-02102023.pdf\" target=\"_blank\" rel=\"noopener\">AMPLIACI\u00d3N &#8211; aprobaci\u00f3n proyectos 02102023<\/a><\/li><li><a href=\"https:\/\/www.urbanteruel.es\/fondos-next-generation-eu\/wp-content\/uploads\/2025\/05\/4-ENCARGO-PSTD-2023-08042024.pdf\">ENCARGO PSTD 2023 08042024<\/a><\/li><\/ol>\t\t\t\t\t\t\t\t<\/div>\n\t\t\t\t<\/div>\n\t\t\t\t<\/div>\n\t\t\t\t\t<\/div>\n\t\t\t\t<\/div>\n\t\t<div class=\"elementor-element elementor-element-a9920c9 e-con-full e-flex e-con e-parent\" data-id=\"a9920c9\" data-element_type=\"container\" data-e-type=\"container\">\n\t\t\t\t<div class=\"elementor-element elementor-element-4601a9e elementor-widget elementor-widget-text-editor\" data-id=\"4601a9e\" data-element_type=\"widget\" data-e-type=\"widget\" data-widget_type=\"text-editor.default\">\n\t\t\t\t<div class=\"elementor-widget-container\">\n\t\t\t\t\t\t\t\t\t<p>Marzo 2026<i><br \/><\/i><\/p>\t\t\t\t\t\t\t\t<\/div>\n\t\t\t\t<\/div>\n\t\t\t\t<div class=\"elementor-element elementor-element-73e137a elementor-widget elementor-widget-html\" data-id=\"73e137a\" data-element_type=\"widget\" data-e-type=\"widget\" data-widget_type=\"html.default\">\n\t\t\t\t<div class=\"elementor-widget-container\">\n\t\t\t\t\t<iframe src=\"https:\/\/docs.google.com\/spreadsheets\/d\/e\/2PACX-1vTMlllE0UmgUmgvW8ZYgQvihnqIeFKccQhJZKlkf4PXGmN-v3G2zx-jzhx86a43LQ\/pubhtml\" height=\"750\"><\/iframe>\n\n\n\t\t\t\t<\/div>\n\t\t\t\t<\/div>\n\t\t\t\t<\/div>\n\t\t<div class=\"elementor-element elementor-element-ac85b70 e-con-full e-flex e-con e-parent\" data-id=\"ac85b70\" data-element_type=\"container\" data-e-type=\"container\">\n\t\t\t\t<div class=\"elementor-element elementor-element-f2ffc37 elementor-widget elementor-widget-text-editor\" data-id=\"f2ffc37\" data-element_type=\"widget\" data-e-type=\"widget\" data-widget_type=\"text-editor.default\">\n\t\t\t\t<div class=\"elementor-widget-container\">\n\t\t\t\t\t\t\t\t\t<p>Junio 2025<i><br \/><\/i><\/p>\t\t\t\t\t\t\t\t<\/div>\n\t\t\t\t<\/div>\n\t\t\t\t<div class=\"elementor-element elementor-element-c12b3d1 elementor-widget elementor-widget-html\" data-id=\"c12b3d1\" data-element_type=\"widget\" data-e-type=\"widget\" data-widget_type=\"html.default\">\n\t\t\t\t<div class=\"elementor-widget-container\">\n\t\t\t\t\t<iframe src=\"https:\/\/docs.google.com\/spreadsheets\/d\/e\/2PACX-1vSgMg2fAk17syRJyIe72bbrl_D_xR3ZIjmxab6mFw3vLCn7dTOyw2dKVV8zYs5PGg\/pubhtml?widget=true&amp;headers=false\" height=\"750\"><\/iframe>\n\n\n\t\t\t\t<\/div>\n\t\t\t\t<\/div>\n\t\t\t\t<\/div>\n\t\t<div class=\"elementor-element elementor-element-85550bd e-con-full e-flex e-con e-parent\" data-id=\"85550bd\" data-element_type=\"container\" data-e-type=\"container\">\n\t\t\t\t<div class=\"elementor-element elementor-element-e34c96a elementor-widget elementor-widget-text-editor\" data-id=\"e34c96a\" data-element_type=\"widget\" data-e-type=\"widget\" data-widget_type=\"text-editor.default\">\n\t\t\t\t<div class=\"elementor-widget-container\">\n\t\t\t\t\t\t\t\t\t<p>Diciembre 2024<i><br \/><\/i><\/p>\t\t\t\t\t\t\t\t<\/div>\n\t\t\t\t<\/div>\n\t\t\t\t<div class=\"elementor-element elementor-element-b910177 elementor-widget elementor-widget-html\" data-id=\"b910177\" data-element_type=\"widget\" data-e-type=\"widget\" data-widget_type=\"html.default\">\n\t\t\t\t<div class=\"elementor-widget-container\">\n\t\t\t\t\t<iframe src=\"https:\/\/docs.google.com\/spreadsheets\/d\/e\/2PACX-1vSczl4I_-q7OhW2h1pUfLt_rpvVGu4Ji-hoTWiujjryMR3BqKn3DCopgFg4wB-GVA\/pubhtml?widget=true&amp;headers=false\" height=\"750\"><\/iframe>\n\n\n\t\t\t\t<\/div>\n\t\t\t\t<\/div>\n\t\t\t\t<\/div>\n\t\t<div class=\"elementor-element elementor-element-cc2f16d e-con-full e-flex e-con e-parent\" data-id=\"cc2f16d\" data-element_type=\"container\" data-e-type=\"container\">\n\t\t\t\t<div class=\"elementor-element elementor-element-1a751b7 elementor-widget elementor-widget-text-editor\" data-id=\"1a751b7\" data-element_type=\"widget\" data-e-type=\"widget\" data-widget_type=\"text-editor.default\">\n\t\t\t\t<div class=\"elementor-widget-container\">\n\t\t\t\t\t\t\t\t\t<p>Septiembre 2024<i><br \/><\/i><\/p>\t\t\t\t\t\t\t\t<\/div>\n\t\t\t\t<\/div>\n\t\t\t\t<div class=\"elementor-element elementor-element-25719da elementor-widget elementor-widget-html\" data-id=\"25719da\" data-element_type=\"widget\" data-e-type=\"widget\" data-widget_type=\"html.default\">\n\t\t\t\t<div class=\"elementor-widget-container\">\n\t\t\t\t\t<iframe src=\"https:\/\/docs.google.com\/spreadsheets\/d\/e\/2PACX-1vSwg5w8v12Yp0FXodJK36MVIsDU_w5rWb5eoj6STkkNOnGHBx8e5cbJSMHAvzhwjQ\/pubhtml?widget=true&amp;headers=false\" height=\"750\"><\/iframe>\n\n\n\t\t\t\t<\/div>\n\t\t\t\t<\/div>\n\t\t\t\t<\/div>\n\t\t<div class=\"elementor-element elementor-element-22a86e4 e-con-full e-flex e-con e-parent\" data-id=\"22a86e4\" data-element_type=\"container\" data-e-type=\"container\">\n\t\t\t\t<div class=\"elementor-element elementor-element-2a33d4f elementor-widget elementor-widget-text-editor\" data-id=\"2a33d4f\" data-element_type=\"widget\" data-e-type=\"widget\" data-widget_type=\"text-editor.default\">\n\t\t\t\t<div class=\"elementor-widget-container\">\n\t\t\t\t\t\t\t\t\t<p>Agosto 2024<i><br \/><\/i><\/p>\t\t\t\t\t\t\t\t<\/div>\n\t\t\t\t<\/div>\n\t\t\t\t<div class=\"elementor-element elementor-element-7c8e6ff elementor-widget elementor-widget-html\" data-id=\"7c8e6ff\" data-element_type=\"widget\" data-e-type=\"widget\" data-widget_type=\"html.default\">\n\t\t\t\t<div class=\"elementor-widget-container\">\n\t\t\t\t\t<iframe src=\"https:\/\/docs.google.com\/spreadsheets\/d\/e\/2PACX-1vTRrfSem5ujELaS8NvBB2INiVXKTpDc9X-7rKJ-lzJdwkjaZSjgSdWY9LyzKh2o2g\/pubhtml?widget=true&amp;headers=false\" height=\"750\"><\/iframe>\n\n\n\t\t\t\t<\/div>\n\t\t\t\t<\/div>\n\t\t\t\t<\/div>\n\t\t<div class=\"elementor-element elementor-element-e29c504 e-con-full e-flex e-con e-parent\" data-id=\"e29c504\" data-element_type=\"container\" data-e-type=\"container\">\n\t\t\t\t<div class=\"elementor-element elementor-element-2c922e2 elementor-widget elementor-widget-text-editor\" data-id=\"2c922e2\" data-element_type=\"widget\" data-e-type=\"widget\" data-widget_type=\"text-editor.default\">\n\t\t\t\t<div class=\"elementor-widget-container\">\n\t\t\t\t\t\t\t\t\t<p>Enero 2024<i><br \/><\/i><\/p>\t\t\t\t\t\t\t\t<\/div>\n\t\t\t\t<\/div>\n\t\t\t\t<div class=\"elementor-element elementor-element-bd296b8 elementor-widget elementor-widget-html\" data-id=\"bd296b8\" data-element_type=\"widget\" data-e-type=\"widget\" data-widget_type=\"html.default\">\n\t\t\t\t<div class=\"elementor-widget-container\">\n\t\t\t\t\t<iframe src=\"https:\/\/docs.google.com\/spreadsheets\/d\/e\/2PACX-1vQOpH4aEkLF0BpCYQROyDrGmoLi-E4jsC1JjzwhZmN3bm2hJDYq6M6Wv17GRtf7mg\/pubhtml?gid=1419025860&amp;single=true&amp;widget=true&amp;headers=false\" height=\"750\"><\/iframe>\t\t\t\t<\/div>\n\t\t\t\t<\/div>\n\t\t\t\t<\/div>\n\t\t<div class=\"elementor-element elementor-element-e79d988 e-con-full e-flex e-con e-parent\" data-id=\"e79d988\" data-element_type=\"container\" data-e-type=\"container\">\n\t\t\t\t<div class=\"elementor-element elementor-element-f13f865 elementor-widget elementor-widget-html\" data-id=\"f13f865\" data-element_type=\"widget\" data-e-type=\"widget\" data-widget_type=\"html.default\">\n\t\t\t\t<div class=\"elementor-widget-container\">\n\t\t\t\t\t<iframe src=\"https:\/\/docs.google.com\/spreadsheets\/d\/e\/2PACX-1vSy8BWC0E4_0ElAYe4N1cV-NIsuEx2Ny0Ojp-lO0_wyxc0zFpkIJvPlR68-a7Q_Gw\/pubhtml?widget=true&amp;headers=false\" height=\"750\"><\/iframe>\t\t\t\t<\/div>\n\t\t\t\t<\/div>\n\t\t\t\t<\/div>\n\t\t<div class=\"elementor-element elementor-element-633a26f e-con-full e-flex e-con e-parent\" data-id=\"633a26f\" data-element_type=\"container\" data-e-type=\"container\">\n\t\t\t\t<div class=\"elementor-element elementor-element-cde3a54 elementor-widget elementor-widget-html\" data-id=\"cde3a54\" data-element_type=\"widget\" data-e-type=\"widget\" data-widget_type=\"html.default\">\n\t\t\t\t<div class=\"elementor-widget-container\">\n\t\t\t\t\t<iframe src=\"https:\/\/docs.google.com\/spreadsheets\/d\/e\/2PACX-1vQkf6QgvtINOB9Vey09T9Acr4Z6PdEqtnrOziRLzz8VxdQ0mLrrI4-MBibpHABB9Q\/pubhtml?widget=true&amp;headers=false\" height=\"750\"><\/iframe> \t\t\t\t<\/div>\n\t\t\t\t<\/div>\n\t\t\t\t<\/div>\n\t\t<div class=\"elementor-element elementor-element-9455267 e-con-full e-flex e-con e-parent\" data-id=\"9455267\" data-element_type=\"container\" data-e-type=\"container\">\n\t\t\t\t<div class=\"elementor-element elementor-element-1cb613c elementor-widget elementor-widget-html\" data-id=\"1cb613c\" data-element_type=\"widget\" data-e-type=\"widget\" data-widget_type=\"html.default\">\n\t\t\t\t<div class=\"elementor-widget-container\">\n\t\t\t\t\t <iframe src=\"https:\/\/docs.google.com\/spreadsheets\/d\/e\/2PACX-1vR2l540G_T7AX_q0e1N6Y7vtMaRgeGQkz-ZF4VS_1hTeM8VhpD_l6phz_iK8IUm6w\/pubhtml?widget=true&amp;headers=false\"  height=\"750><\/iframe>\n\"\t\t\t\t<\/div>\n\t\t\t\t<\/div>\n\t\t\t\t<\/div>\n\t\t\t\t<\/div>\n\t\t","protected":false},"excerpt":{"rendered":"<p>PLAN DE RECUPERACI\u00d3N, TRANSFORMACI\u00d3N Y RESILIENCIA FINANCIADO POR LA UNI\u00d3N EUROPEA FONDOS NEXT GENERATION EU Proyectos subvenciones PRTR- Fondos Next Generation EU Informaci\u00f3n sistematizada sobre todos los proyectos municipales para los cuales el Ayuntamiento de Teruel ha solicitado subvenci\u00f3n a los Fondos Next Generation EU. Con el objetivo de cumplir las obligaciones de transparencia, publicidad [&hellip;]<\/p>\n","protected":false},"author":1,"featured_media":0,"parent":0,"menu_order":0,"comment_status":"closed","ping_status":"closed","template":"","meta":{"footnotes":""},"class_list":["post-15","page","type-page","status-publish","hentry"],"_links":{"self":[{"href":"https:\/\/www.urbanteruel.es\/fondos-next-generation-eu\/wp-json\/wp\/v2\/pages\/15","targetHints":{"allow":["GET"]}}],"collection":[{"href":"https:\/\/www.urbanteruel.es\/fondos-next-generation-eu\/wp-json\/wp\/v2\/pages"}],"about":[{"href":"https:\/\/www.urbanteruel.es\/fondos-next-generation-eu\/wp-json\/wp\/v2\/types\/page"}],"author":[{"embeddable":true,"href":"https:\/\/www.urbanteruel.es\/fondos-next-generation-eu\/wp-json\/wp\/v2\/users\/1"}],"replies":[{"embeddable":true,"href":"https:\/\/www.urbanteruel.es\/fondos-next-generation-eu\/wp-json\/wp\/v2\/comments?post=15"}],"version-history":[{"count":119,"href":"https:\/\/www.urbanteruel.es\/fondos-next-generation-eu\/wp-json\/wp\/v2\/pages\/15\/revisions"}],"predecessor-version":[{"id":740,"href":"https:\/\/www.urbanteruel.es\/fondos-next-generation-eu\/wp-json\/wp\/v2\/pages\/15\/revisions\/740"}],"wp:attachment":[{"href":"https:\/\/www.urbanteruel.es\/fondos-next-generation-eu\/wp-json\/wp\/v2\/media?parent=15"}],"curies":[{"name":"wp","href":"https:\/\/api.w.org\/{rel}","templated":true}]}}