{"id":17,"date":"2023-03-30T12:01:16","date_gmt":"2023-03-30T12:01:16","guid":{"rendered":"https:\/\/www.urbanteruel.es\/fondos-next-generation-eu\/?page_id=17"},"modified":"2023-05-22T10:33:48","modified_gmt":"2023-05-22T10:33:48","slug":"plan-antifraude","status":"publish","type":"page","link":"https:\/\/www.urbanteruel.es\/fondos-next-generation-eu\/plan-antifraude\/","title":{"rendered":"Plan antifraude"},"content":{"rendered":"\t\t<div data-elementor-type=\"wp-page\" data-elementor-id=\"17\" class=\"elementor elementor-17\">\n\t\t\t\t<div class=\"elementor-element elementor-element-715630e e-con-full e-flex e-con e-parent\" data-id=\"715630e\" data-element_type=\"container\" data-e-type=\"container\" data-settings=\"{&quot;background_background&quot;:&quot;classic&quot;}\">\n\t\t<div class=\"elementor-element elementor-element-f898404 e-con-full e-flex e-con e-child\" data-id=\"f898404\" data-element_type=\"container\" data-e-type=\"container\">\n\t\t\t\t<div class=\"elementor-element elementor-element-d4889af elementor-widget elementor-widget-heading\" data-id=\"d4889af\" data-element_type=\"widget\" data-e-type=\"widget\" data-widget_type=\"heading.default\">\n\t\t\t\t<div class=\"elementor-widget-container\">\n\t\t\t\t\t<h1 class=\"elementor-heading-title elementor-size-default\">Medidas Antifraude del Ayuntamiento de Teruel<\/h1>\t\t\t\t<\/div>\n\t\t\t\t<\/div>\n\t\t\t\t<\/div>\n\t\t<div class=\"elementor-element elementor-element-23bb8bb e-con-full e-flex e-con e-child\" data-id=\"23bb8bb\" data-element_type=\"container\" data-e-type=\"container\">\n\t\t\t\t<div class=\"elementor-element elementor-element-83ad5c0 elementor-widget elementor-widget-heading\" data-id=\"83ad5c0\" data-element_type=\"widget\" data-e-type=\"widget\" data-widget_type=\"heading.default\">\n\t\t\t\t<div class=\"elementor-widget-container\">\n\t\t\t\t\t<h3 class=\"elementor-heading-title elementor-size-default\">PLAN DE RECUPERACI\u00d3N, TRANSFORMACI\u00d3N Y RESILIENCIA<\/h3>\t\t\t\t<\/div>\n\t\t\t\t<\/div>\n\t\t\t\t<div class=\"elementor-element elementor-element-ecfd0b2 elementor-widget elementor-widget-heading\" data-id=\"ecfd0b2\" data-element_type=\"widget\" data-e-type=\"widget\" data-widget_type=\"heading.default\">\n\t\t\t\t<div class=\"elementor-widget-container\">\n\t\t\t\t\t<h2 class=\"elementor-heading-title elementor-size-default\">FINANCIADO POR LA UNI\u00d3N EUROPEA <\/br>  FONDOS NEXT GENERATION EU\n<\/h2>\t\t\t\t<\/div>\n\t\t\t\t<\/div>\n\t\t\t\t<\/div>\n\t\t\t\t<\/div>\n\t\t<div class=\"elementor-element elementor-element-318caea e-con-full e-flex e-con e-parent\" data-id=\"318caea\" data-element_type=\"container\" data-e-type=\"container\">\n\t\t<div class=\"elementor-element elementor-element-dffcc33 e-con-full e-flex e-con e-child\" data-id=\"dffcc33\" data-element_type=\"container\" data-e-type=\"container\" data-settings=\"{&quot;background_background&quot;:&quot;classic&quot;}\">\n\t\t\t\t<\/div>\n\t\t<div class=\"elementor-element elementor-element-152e7f6 e-con-full e-flex e-con e-child\" data-id=\"152e7f6\" data-element_type=\"container\" data-e-type=\"container\">\n\t\t\t\t<div class=\"elementor-element elementor-element-a936ce8 elementor-widget elementor-widget-heading\" data-id=\"a936ce8\" data-element_type=\"widget\" data-e-type=\"widget\" data-widget_type=\"heading.default\">\n\t\t\t\t<div class=\"elementor-widget-container\">\n\t\t\t\t\t<h1 class=\"elementor-heading-title elementor-size-default\">Plan de medidas antifraude <\/h1>\t\t\t\t<\/div>\n\t\t\t\t<\/div>\n\t\t\t\t<div class=\"elementor-element elementor-element-1549d67 elementor-widget elementor-widget-text-editor\" data-id=\"1549d67\" data-element_type=\"widget\" data-e-type=\"widget\" data-widget_type=\"text-editor.default\">\n\t\t\t\t<div class=\"elementor-widget-container\">\n\t\t\t\t\t\t\t\t\t<p>La <strong>Orden HFP\/1030\/2021<\/strong>, de 29 de septiembre, es la norma jur\u00eddica por la que se configura el sistema de gesti\u00f3n del Plan de Recuperaci\u00f3n, Transformaci\u00f3n y Resiliencia.<\/p><p>Entre sus previsiones destaca la obligaci\u00f3n que impone y desarrolla el art\u00edculo 6, que con la finalidad de dar cumplimiento a las obligaciones que el art\u00edculo 22 del Reglamento (UE) 2021\/241, de 12 de febrero, del Parlamento Europeo y del Consejo, por el que se establece el Mecanismo de Recuperaci\u00f3n y Resiliencia, impone a Espa\u00f1a en relaci\u00f3n con la protecci\u00f3n de los intereses financieros de la Uni\u00f3n como beneficiario de los fondos del MRR, de que <strong>toda entidad, decisora o ejecutora, que participe en la ejecuci\u00f3n de las medidas del PRTR deber\u00e1 disponer de un \u00abPlan de medidas antifraude\u00bb <\/strong>que le permita garantizar y declarar que, en su respectivo \u00e1mbito de actuaci\u00f3n, los fondos correspondientes se han utilizado de conformidad con las normas aplicables, en particular, en lo que se refiere a la prevenci\u00f3n, detecci\u00f3n y correcci\u00f3n del fraude, la corrupci\u00f3n y los conflictos de intereses.<\/p><p>Como entidad local beneficiaria de Fondos Next Generation EU, el Ayuntamiento de Teruel ha aprobado en fecha 29 de julio de 2022 su propio Plan de Medidas Antifraude, disponible en formato PDF para su consulta.<\/p>\t\t\t\t\t\t\t\t<\/div>\n\t\t\t\t<\/div>\n\t\t\t\t<div class=\"elementor-element elementor-element-cb6301f elementor-widget elementor-widget-button\" data-id=\"cb6301f\" data-element_type=\"widget\" data-e-type=\"widget\" data-widget_type=\"button.default\">\n\t\t\t\t<div class=\"elementor-widget-container\">\n\t\t\t\t\t\t\t\t\t<div class=\"elementor-button-wrapper\">\n\t\t\t\t\t<a class=\"elementor-button elementor-button-link elementor-size-sm\" href=\"https:\/\/www.urbanteruel.es\/fondos-next-generation-eu\/wp-content\/uploads\/2023\/03\/PLAN-ANTIFRAUDE-AYUNTAMIENTO-TERUEL-Firmado-Secretaria.pdf\">\n\t\t\t\t\t\t<span class=\"elementor-button-content-wrapper\">\n\t\t\t\t\t\t<span class=\"elementor-button-icon\">\n\t\t\t\t<i aria-hidden=\"true\" class=\"far fa-file-pdf\"><\/i>\t\t\t<\/span>\n\t\t\t\t\t\t\t\t\t<span class=\"elementor-button-text\">DESCARGAR DOCUMENTO PDF<\/span>\n\t\t\t\t\t<\/span>\n\t\t\t\t\t<\/a>\n\t\t\t\t<\/div>\n\t\t\t\t\t\t\t\t<\/div>\n\t\t\t\t<\/div>\n\t\t\t\t<\/div>\n\t\t\t\t<\/div>\n\t\t<div class=\"elementor-element elementor-element-d857fe7 e-con-full e-flex e-con e-parent\" data-id=\"d857fe7\" data-element_type=\"container\" data-e-type=\"container\">\n\t\t<div class=\"elementor-element elementor-element-6461fa7 e-con-full e-flex e-con e-child\" data-id=\"6461fa7\" data-element_type=\"container\" data-e-type=\"container\">\n\t\t\t\t<div class=\"elementor-element elementor-element-0440b59 elementor-widget elementor-widget-heading\" data-id=\"0440b59\" data-element_type=\"widget\" data-e-type=\"widget\" data-widget_type=\"heading.default\">\n\t\t\t\t<div class=\"elementor-widget-container\">\n\t\t\t\t\t<h1 class=\"elementor-heading-title elementor-size-default\">Canal de denuncias <\/h1>\t\t\t\t<\/div>\n\t\t\t\t<\/div>\n\t\t\t\t<div class=\"elementor-element elementor-element-5c7418c elementor-widget elementor-widget-text-editor\" data-id=\"5c7418c\" data-element_type=\"widget\" data-e-type=\"widget\" data-widget_type=\"text-editor.default\">\n\t\t\t\t<div class=\"elementor-widget-container\">\n\t\t\t\t\t\t\t\t\t<p><i>El Comit\u00e9 Antifraude del Ayuntamiento de Teruel desarrolla funciones de inspecci\u00f3n, comprobaci\u00f3n y prevenci\u00f3n de actuaciones desarrolladas por autoridades, empleados municipales y personal de empresas contratistas, que pudieran ser constitutivas de fraude o corrupci\u00f3n en el \u00e1mbito de los Fondos Next Generation EU, dentro de la gesti\u00f3n del Plan de Recuperaci\u00f3n, Transformaci\u00f3n y Resiliencia (PRTR). El Canal de Denuncias constituye un instrumento esencial para reforzar las buenas pr\u00e1cticas de la Administraci\u00f3n P\u00fablica, prevenir e investigar posibles casos de uso o destino fraudulentos de fondos p\u00fablicos o cualquier aprovechamiento il\u00edcito derivado de conductas que comporten conflicto de intereses.<\/i><\/p><p><i>Las denuncias formuladas a trav\u00e9s del Canal de denuncias podr\u00e1n ser an\u00f3nimas, con identificaci\u00f3n del denunciante o con reserva de identidad.<\/i><\/p><p><i>EL Canal de denuncias no es el medio indicado para presentar reclamaciones sobre la gesti\u00f3n ordinaria del Ayuntamiento de Teruel o sobre situaciones que afecten al funcionamiento de los servicios municipales, para lo cual ya existen otros cauces de comunicaci\u00f3n.<\/i><\/p>\t\t\t\t\t\t\t\t<\/div>\n\t\t\t\t<\/div>\n\t\t\t\t<div class=\"elementor-element elementor-element-d2aa0c8 elementor-widget elementor-widget-button\" data-id=\"d2aa0c8\" data-element_type=\"widget\" data-e-type=\"widget\" data-widget_type=\"button.default\">\n\t\t\t\t<div class=\"elementor-widget-container\">\n\t\t\t\t\t\t\t\t\t<div class=\"elementor-button-wrapper\">\n\t\t\t\t\t<a class=\"elementor-button elementor-button-link elementor-size-sm\" href=\"https:\/\/sede.teruel.es\/portal\/contenedor1.jsp?seccion=s_fdes_d4_v1.jsp&#038;codbusqueda=644&#038;language=es&#038;codResi=1&#038;codMenuPN=242&#038;codMenu=658&#038;layout=contenedor1.jsp\">\n\t\t\t\t\t\t<span class=\"elementor-button-content-wrapper\">\n\t\t\t\t\t\t<span class=\"elementor-button-icon\">\n\t\t\t\t<i aria-hidden=\"true\" class=\"lqd-icn-ess icon-md-arrow-round-forward-2\"><\/i>\t\t\t<\/span>\n\t\t\t\t\t\t\t\t\t<span class=\"elementor-button-text\">Canal de Denuncias<\/span>\n\t\t\t\t\t<\/span>\n\t\t\t\t\t<\/a>\n\t\t\t\t<\/div>\n\t\t\t\t\t\t\t\t<\/div>\n\t\t\t\t<\/div>\n\t\t\t\t<\/div>\n\t\t<div class=\"elementor-element elementor-element-6594fc0 e-con-full e-flex e-con e-child\" data-id=\"6594fc0\" data-element_type=\"container\" data-e-type=\"container\" data-settings=\"{&quot;background_background&quot;:&quot;classic&quot;}\">\n\t\t\t\t<\/div>\n\t\t\t\t<\/div>\n\t\t<div class=\"elementor-element elementor-element-0b27132 e-con-full e-flex e-con e-parent\" data-id=\"0b27132\" data-element_type=\"container\" data-e-type=\"container\">\n\t\t<div class=\"elementor-element elementor-element-b8bba80 e-con-full e-flex e-con e-child\" data-id=\"b8bba80\" data-element_type=\"container\" data-e-type=\"container\" data-settings=\"{&quot;background_background&quot;:&quot;classic&quot;}\">\n\t\t\t\t<\/div>\n\t\t<div class=\"elementor-element elementor-element-3bb311a e-con-full e-flex e-con e-child\" data-id=\"3bb311a\" data-element_type=\"container\" data-e-type=\"container\">\n\t\t\t\t<div class=\"elementor-element elementor-element-85a0739 elementor-widget elementor-widget-heading\" data-id=\"85a0739\" data-element_type=\"widget\" data-e-type=\"widget\" data-widget_type=\"heading.default\">\n\t\t\t\t<div class=\"elementor-widget-container\">\n\t\t\t\t\t<h1 class=\"elementor-heading-title elementor-size-default\">Declaraci\u00f3n Institucional contra el Fraude<\/h1>\t\t\t\t<\/div>\n\t\t\t\t<\/div>\n\t\t\t\t<div class=\"elementor-element elementor-element-9c25830 elementor-widget elementor-widget-text-editor\" data-id=\"9c25830\" data-element_type=\"widget\" data-e-type=\"widget\" data-widget_type=\"text-editor.default\">\n\t\t\t\t<div class=\"elementor-widget-container\">\n\t\t\t\t\t\t\t\t\t<p><span id=\"page38R_mcid2\" class=\"markedContent\"><span dir=\"ltr\" role=\"presentation\">Uno de los principales objetivos del<\/span> <strong><span dir=\"ltr\" role=\"presentation\">Ayuntamiento de Teruel<\/span> <\/strong><span dir=\"ltr\" role=\"presentation\"><strong>e<\/strong>s reforzar, dentro<\/span> <span dir=\"ltr\" role=\"presentation\">del<\/span> <span dir=\"ltr\" role=\"presentation\">\u00e1mbito de sus competencias, la pol\u00edtica antifraude en el desarrollo de sus<\/span> <span dir=\"ltr\" role=\"presentation\">funciones. Por<\/span> <span dir=\"ltr\" role=\"presentation\">ello, el<\/span> <span dir=\"ltr\" role=\"presentation\">Ayuntamiento, a trav\u00e9s de esta declaraci\u00f3n institucional,<\/span> <span dir=\"ltr\" role=\"presentation\">quiere manifestar su<\/span> <span dir=\"ltr\" role=\"presentation\">compromiso con los est\u00e1ndares m\u00e1s altos en el cumplimiento<\/span> <span dir=\"ltr\" role=\"presentation\">de las normas jur\u00eddicas,<\/span> <span dir=\"ltr\" role=\"presentation\">\u00e9ticas y morales y su adhesi\u00f3n a los m\u00e1s estrictos principios<\/span> <span dir=\"ltr\" role=\"presentation\">de integridad, objetividad y<\/span> <span dir=\"ltr\" role=\"presentation\">ho<\/span><span dir=\"ltr\" role=\"presentation\">nestidad, de manera que su actividad sea percibida<\/span> <span dir=\"ltr\" role=\"presentation\">por todos los agentes que se<\/span> <span dir=\"ltr\" role=\"presentation\">relacionan con ella como opuesta al fraude y la <\/span><span dir=\"ltr\" role=\"presentation\">corrupci\u00f3n en cualquiera de sus formas.<\/span><\/span><\/p>\t\t\t\t\t\t\t\t<\/div>\n\t\t\t\t<\/div>\n\t\t\t\t<div class=\"elementor-element elementor-element-40a6e69 elementor-widget elementor-widget-button\" data-id=\"40a6e69\" data-element_type=\"widget\" data-e-type=\"widget\" data-widget_type=\"button.default\">\n\t\t\t\t<div class=\"elementor-widget-container\">\n\t\t\t\t\t\t\t\t\t<div class=\"elementor-button-wrapper\">\n\t\t\t\t\t<a class=\"elementor-button elementor-button-link elementor-size-sm\" href=\"https:\/\/www.urbanteruel.es\/fondos-next-generation-eu\/wp-content\/uploads\/2023\/04\/0_12771_1.pdf\">\n\t\t\t\t\t\t<span class=\"elementor-button-content-wrapper\">\n\t\t\t\t\t\t<span class=\"elementor-button-icon\">\n\t\t\t\t<i aria-hidden=\"true\" class=\"far fa-file-pdf\"><\/i>\t\t\t<\/span>\n\t\t\t\t\t\t\t\t\t<span class=\"elementor-button-text\">DESCARGAR DECLARACI\u00d3N<\/span>\n\t\t\t\t\t<\/span>\n\t\t\t\t\t<\/a>\n\t\t\t\t<\/div>\n\t\t\t\t\t\t\t\t<\/div>\n\t\t\t\t<\/div>\n\t\t\t\t<\/div>\n\t\t\t\t<\/div>\n\t\t\t\t<\/div>\n\t\t","protected":false},"excerpt":{"rendered":"<p>Medidas Antifraude del Ayuntamiento de Teruel PLAN DE RECUPERACI\u00d3N, TRANSFORMACI\u00d3N Y RESILIENCIA FINANCIADO POR LA UNI\u00d3N EUROPEA FONDOS NEXT GENERATION EU Plan de medidas antifraude La Orden HFP\/1030\/2021, de 29 de septiembre, es la norma jur\u00eddica por la que se configura el sistema de gesti\u00f3n del Plan de Recuperaci\u00f3n, Transformaci\u00f3n y Resiliencia. Entre sus previsiones [&hellip;]<\/p>\n","protected":false},"author":1,"featured_media":0,"parent":0,"menu_order":0,"comment_status":"closed","ping_status":"closed","template":"","meta":{"footnotes":""},"class_list":["post-17","page","type-page","status-publish","hentry"],"_links":{"self":[{"href":"https:\/\/www.urbanteruel.es\/fondos-next-generation-eu\/wp-json\/wp\/v2\/pages\/17","targetHints":{"allow":["GET"]}}],"collection":[{"href":"https:\/\/www.urbanteruel.es\/fondos-next-generation-eu\/wp-json\/wp\/v2\/pages"}],"about":[{"href":"https:\/\/www.urbanteruel.es\/fondos-next-generation-eu\/wp-json\/wp\/v2\/types\/page"}],"author":[{"embeddable":true,"href":"https:\/\/www.urbanteruel.es\/fondos-next-generation-eu\/wp-json\/wp\/v2\/users\/1"}],"replies":[{"embeddable":true,"href":"https:\/\/www.urbanteruel.es\/fondos-next-generation-eu\/wp-json\/wp\/v2\/comments?post=17"}],"version-history":[{"count":85,"href":"https:\/\/www.urbanteruel.es\/fondos-next-generation-eu\/wp-json\/wp\/v2\/pages\/17\/revisions"}],"predecessor-version":[{"id":526,"href":"https:\/\/www.urbanteruel.es\/fondos-next-generation-eu\/wp-json\/wp\/v2\/pages\/17\/revisions\/526"}],"wp:attachment":[{"href":"https:\/\/www.urbanteruel.es\/fondos-next-generation-eu\/wp-json\/wp\/v2\/media?parent=17"}],"curies":[{"name":"wp","href":"https:\/\/api.w.org\/{rel}","templated":true}]}}